{"id":4693,"date":"2017-02-06T12:20:22","date_gmt":"2017-02-06T11:20:22","guid":{"rendered":"http:\/\/tomsegur.com\/?page_id=4693"},"modified":"2023-01-17T18:14:07","modified_gmt":"2023-01-17T17:14:07","slug":"a-propos","status":"publish","type":"page","link":"https:\/\/tomsegur.com\/index.php\/a-propos\/","title":{"rendered":"\u00c0 PROPOS"},"content":{"rendered":"\t\t<div data-elementor-type=\"wp-page\" data-elementor-id=\"4693\" class=\"elementor elementor-4693\">\n\t\t\t\t\t\t\t\t\t<section class=\"elementor-section elementor-top-section elementor-element elementor-element-1257fd6 elementor-section-full_width elementor-section-stretched elementor-section-height-default elementor-section-height-default qodef-elementor-content-no elementor-invisible\" data-id=\"1257fd6\" data-element_type=\"section\" data-settings=\"{&quot;animation&quot;:&quot;fadeIn&quot;,&quot;animation_delay&quot;:100,&quot;stretch_section&quot;:&quot;section-stretched&quot;}\">\n\t\t\t\t\t\t<div class=\"elementor-container elementor-column-gap-default\">\n\t\t\t\t\t<div class=\"elementor-column elementor-col-100 elementor-top-column elementor-element elementor-element-3121085\" data-id=\"3121085\" data-element_type=\"column\">\n\t\t\t<div class=\"elementor-widget-wrap elementor-element-populated\">\n\t\t\t\t\t\t\t\t<div class=\"elementor-element elementor-element-74fbe2b elementor-widget__width-initial elementor-widget elementor-widget-qi_addons_for_elementor_text_marquee\" data-id=\"74fbe2b\" data-element_type=\"widget\" data-widget_type=\"qi_addons_for_elementor_text_marquee.default\">\n\t\t\t\t<div class=\"elementor-widget-container\">\n\t\t\t<div class=\"qodef-shortcode qodef-m  qodef-qi-text-marquee qodef-layout--default \">\n\t<div class=\"qodef-m-content\">\n\t\t<div class=\"qodef-m-text qodef-text--original\">\n\t\t\t\t\t\t\t<span class=\"qodef-m-text-item elementor-repeater-item-e4380a7\" >\u00c0 PROPOS<\/span>\n                \t\t\t\t\t\t\t<span class=\"qodef-m-text-item elementor-repeater-item-d753fb4\" >\u00c0 PROPOS<\/span>\n                \t\t\t\t\t\t\t<span class=\"qodef-m-text-item elementor-repeater-item-cf61550\" >\u00c0 PROPOS<\/span>\n                \t\t\t\t\t\t\t<span class=\"qodef-m-text-item elementor-repeater-item-1cc722b\" >\u00c0 PROPOS<\/span>\n                \t\t\t\t\t\t\t<span class=\"qodef-m-text-item elementor-repeater-item-bdf8072\" >\u00c0 PROPOS<\/span>\n                \t\t\t\t\t<\/div>\n\t\t<div class=\"qodef-m-text qodef-text--copy\">\n\t\t\t\t\t\t\t<span class=\"qodef-m-text-item elementor-repeater-item-e4380a7\" >\u00c0 PROPOS<\/span>\n                \t\t\t\t\t\t\t<span class=\"qodef-m-text-item elementor-repeater-item-d753fb4\" >\u00c0 PROPOS<\/span>\n                \t\t\t\t\t\t\t<span class=\"qodef-m-text-item elementor-repeater-item-cf61550\" >\u00c0 PROPOS<\/span>\n                \t\t\t\t\t\t\t<span class=\"qodef-m-text-item elementor-repeater-item-1cc722b\" >\u00c0 PROPOS<\/span>\n                \t\t\t\t\t\t\t<span class=\"qodef-m-text-item elementor-repeater-item-bdf8072\" >\u00c0 PROPOS<\/span>\n                \t\t\t\t\t<\/div>\n\t<\/div>\n<\/div>\n\t\t<\/div>\n\t\t\t\t<\/div>\n\t\t\t\t\t<\/div>\n\t\t<\/div>\n\t\t\t\t\t\t\t<\/div>\n\t\t<\/section>\n\t\t\t\t<section class=\"elementor-section elementor-top-section elementor-element elementor-element-9bb2f24 elementor-section-boxed elementor-section-height-default elementor-section-height-default qodef-elementor-content-no\" data-id=\"9bb2f24\" data-element_type=\"section\">\n\t\t\t\t\t\t<div class=\"elementor-container elementor-column-gap-default\">\n\t\t\t\t\t<div class=\"elementor-column elementor-col-33 elementor-top-column elementor-element elementor-element-0538c54\" data-id=\"0538c54\" data-element_type=\"column\">\n\t\t\t<div class=\"elementor-widget-wrap elementor-element-populated\">\n\t\t\t\t\t\t\t\t<div class=\"elementor-element elementor-element-b08fa4b elementor-widget elementor-widget-text-editor\" data-id=\"b08fa4b\" data-element_type=\"widget\" data-widget_type=\"text-editor.default\">\n\t\t\t\t<div class=\"elementor-widget-container\">\n\t\t\t<style>\/*! elementor - v3.10.2 - 29-01-2023 *\/\n.elementor-widget-text-editor.elementor-drop-cap-view-stacked .elementor-drop-cap{background-color:#818a91;color:#fff}.elementor-widget-text-editor.elementor-drop-cap-view-framed .elementor-drop-cap{color:#818a91;border:3px solid;background-color:transparent}.elementor-widget-text-editor:not(.elementor-drop-cap-view-default) .elementor-drop-cap{margin-top:8px}.elementor-widget-text-editor:not(.elementor-drop-cap-view-default) .elementor-drop-cap-letter{width:1em;height:1em}.elementor-widget-text-editor .elementor-drop-cap{float:left;text-align:center;line-height:1;font-size:50px}.elementor-widget-text-editor .elementor-drop-cap-letter{display:inline-block}<\/style>\t\t\t\t<p><strong>TOM S\u00c9GUR<\/strong><\/p>\t\t\t\t\t\t<\/div>\n\t\t\t\t<\/div>\n\t\t\t\t<div class=\"elementor-element elementor-element-e2a6750 elementor-widget elementor-widget-text-editor\" data-id=\"e2a6750\" data-element_type=\"widget\" data-widget_type=\"text-editor.default\">\n\t\t\t\t<div class=\"elementor-widget-container\">\n\t\t\t\t\t\t\t<p>Graphiste et Directeur Artistique ind\u00e9pendant dans le domaine de la culture, de l&#8217;\u00e9dition et du luxe.<\/p><p>\u2022 Cr\u00e9ation d&#8217;identit\u00e9s visuelles<br \/>\u2022 Design d&#8217;affiches<br \/>\u2022 \u00c9dition<br \/>\u2022 Signal\u00e9tique<br \/>\u2022 Motion design<br \/>\u2022 Web design<\/p>\t\t\t\t\t\t<\/div>\n\t\t\t\t<\/div>\n\t\t\t\t<div class=\"elementor-element elementor-element-eb726b4 elementor-widget elementor-widget-text-editor\" data-id=\"eb726b4\" data-element_type=\"widget\" data-widget_type=\"text-editor.default\">\n\t\t\t\t<div class=\"elementor-widget-container\">\n\t\t\t\t\t\t\t<p><a href=\"mailto:hellotomsegur@gmail.com\">hellotomsegur@gmail.com<\/a><br \/>+33 6 68 78 59 03<\/p>\t\t\t\t\t\t<\/div>\n\t\t\t\t<\/div>\n\t\t\t\t\t<\/div>\n\t\t<\/div>\n\t\t\t\t<div class=\"elementor-column elementor-col-33 elementor-top-column elementor-element elementor-element-897f191\" data-id=\"897f191\" data-element_type=\"column\">\n\t\t\t<div class=\"elementor-widget-wrap elementor-element-populated\">\n\t\t\t\t\t\t\t\t<div class=\"elementor-element elementor-element-6a350f7 elementor-widget elementor-widget-text-editor\" data-id=\"6a350f7\" data-element_type=\"widget\" data-widget_type=\"text-editor.default\">\n\t\t\t\t<div class=\"elementor-widget-container\">\n\t\t\t\t\t\t\t<p><strong>R\u00c9F\u00c9RENCES<\/strong><\/p>\t\t\t\t\t\t<\/div>\n\t\t\t\t<\/div>\n\t\t\t\t<section class=\"elementor-section elementor-inner-section elementor-element elementor-element-d4223d6 elementor-section-boxed elementor-section-height-default elementor-section-height-default qodef-elementor-content-no\" data-id=\"d4223d6\" data-element_type=\"section\">\n\t\t\t\t\t\t<div class=\"elementor-container elementor-column-gap-default\">\n\t\t\t\t\t<div class=\"elementor-column elementor-col-50 elementor-inner-column elementor-element elementor-element-afc8aa9\" data-id=\"afc8aa9\" data-element_type=\"column\">\n\t\t\t<div class=\"elementor-widget-wrap elementor-element-populated\">\n\t\t\t\t\t\t\t\t<div class=\"elementor-element elementor-element-a234572 elementor-widget elementor-widget-text-editor\" data-id=\"a234572\" data-element_type=\"widget\" data-widget_type=\"text-editor.default\">\n\t\t\t\t<div class=\"elementor-widget-container\">\n\t\t\t\t\t\t\t<p>Ville de Paris<br \/>Maison du Regard<br \/>Festival du Regard<br \/>L&#8217;Harmattan<br \/>LGM \u00c9dition<br \/>PAM<br \/>Calvin Klein<br \/>Starck<br \/>Cerruti<br \/>Gal\u00e9nic<br \/>Elizabeth Arden<br \/>Longchamps<\/p>\t\t\t\t\t\t<\/div>\n\t\t\t\t<\/div>\n\t\t\t\t\t<\/div>\n\t\t<\/div>\n\t\t\t\t<div class=\"elementor-column elementor-col-50 elementor-inner-column elementor-element elementor-element-5a37034\" data-id=\"5a37034\" data-element_type=\"column\">\n\t\t\t<div class=\"elementor-widget-wrap elementor-element-populated\">\n\t\t\t\t\t\t\t\t<div class=\"elementor-element elementor-element-9998d08 elementor-widget elementor-widget-text-editor\" data-id=\"9998d08\" data-element_type=\"widget\" data-widget_type=\"text-editor.default\">\n\t\t\t\t<div class=\"elementor-widget-container\">\n\t\t\t\t\t\t\t<p>Groupe Charlois<br \/>Coff\u00e9a<br \/>La Prairie<br \/>La Ch\u00eanaie<br \/>Givenchy<br \/>Eskwad<br \/>Lanc\u00f4me<br \/>Herm\u00e8s<br \/>Bottega Veneta<br \/>Nina Ricci<br \/>Jaeger Lecoultre<\/p>\t\t\t\t\t\t<\/div>\n\t\t\t\t<\/div>\n\t\t\t\t\t<\/div>\n\t\t<\/div>\n\t\t\t\t\t\t\t<\/div>\n\t\t<\/section>\n\t\t\t\t\t<\/div>\n\t\t<\/div>\n\t\t\t\t<div class=\"elementor-column elementor-col-33 elementor-top-column elementor-element elementor-element-51ec5a8\" data-id=\"51ec5a8\" data-element_type=\"column\">\n\t\t\t<div class=\"elementor-widget-wrap elementor-element-populated\">\n\t\t\t\t\t\t\t\t<div class=\"elementor-element elementor-element-64cff8c elementor-widget elementor-widget-text-editor\" data-id=\"64cff8c\" data-element_type=\"widget\" data-widget_type=\"text-editor.default\">\n\t\t\t\t<div class=\"elementor-widget-container\">\n\t\t\t\t\t\t\t<p><strong>FORMATIONS<\/strong><\/p>\t\t\t\t\t\t<\/div>\n\t\t\t\t<\/div>\n\t\t\t\t<div class=\"elementor-element elementor-element-c35fb86 elementor-widget elementor-widget-text-editor\" data-id=\"c35fb86\" data-element_type=\"widget\" data-widget_type=\"text-editor.default\">\n\t\t\t\t<div class=\"elementor-widget-container\">\n\t\t\t\t\t\t\t<p>\u2022 Esag Penninghen<br \/><span style=\"color: #999999;\">Master Design Graphique\u00a0<\/span><br \/>\u2022 Esaig Estienne<br \/><span style=\"color: #999999;\">Dma Illustration<\/span><\/p>\t\t\t\t\t\t<\/div>\n\t\t\t\t<\/div>\n\t\t\t\t\t<\/div>\n\t\t<\/div>\n\t\t\t\t\t\t\t<\/div>\n\t\t<\/section>\n\t\t\t\t\t\t\t<\/div>\n\t\t","protected":false},"excerpt":{"rendered":"<p>\u00c0 PROPOS \u00c0 PROPOS \u00c0 PROPOS \u00c0 PROPOS \u00c0 PROPOS \u00c0 PROPOS \u00c0 PROPOS \u00c0 PROPOS \u00c0 PROPOS \u00c0 PROPOS TOM S\u00c9GUR Graphiste et Directeur Artistique ind\u00e9pendant dans le domaine de la culture, de l&#8217;\u00e9dition et du luxe. \u2022 Cr\u00e9ation d&#8217;identit\u00e9s visuelles\u2022 Design d&#8217;affiches\u2022 \u00c9dition\u2022 Signal\u00e9tique\u2022 Motion design\u2022 Web design hellotomsegur@gmail.com+33 6 68 78 59 [&hellip;]<\/p>\n","protected":false},"author":2,"featured_media":0,"parent":0,"menu_order":4,"comment_status":"closed","ping_status":"closed","template":"","meta":[],"yoast_head":"<!-- This site is optimized with the Yoast SEO plugin v20.0 - https:\/\/yoast.com\/wordpress\/plugins\/seo\/ -->\n<title>Tom S\u00e9gur - About<\/title>\n<meta name=\"robots\" content=\"index, follow, max-snippet:-1, max-image-preview:large, max-video-preview:-1\" \/>\n<link rel=\"canonical\" href=\"https:\/\/tomsegur.com\/index.php\/a-propos\/\" \/>\n<meta property=\"og:locale\" content=\"en_US\" \/>\n<meta property=\"og:type\" content=\"article\" \/>\n<meta property=\"og:title\" content=\"Tom S\u00e9gur - About\" \/>\n<meta property=\"og:description\" content=\"\u00c0 PROPOS \u00c0 PROPOS \u00c0 PROPOS \u00c0 PROPOS \u00c0 PROPOS \u00c0 PROPOS \u00c0 PROPOS \u00c0 PROPOS \u00c0 PROPOS \u00c0 PROPOS TOM S\u00c9GUR Graphiste et Directeur Artistique ind\u00e9pendant dans le domaine de la culture, de l&#8217;\u00e9dition et du luxe. \u2022 Cr\u00e9ation d&#8217;identit\u00e9s visuelles\u2022 Design d&#8217;affiches\u2022 \u00c9dition\u2022 Signal\u00e9tique\u2022 Motion design\u2022 Web design hellotomsegur@gmail.com+33 6 68 78 59 [&hellip;]\" \/>\n<meta property=\"og:url\" content=\"https:\/\/tomsegur.com\/index.php\/a-propos\/\" \/>\n<meta property=\"og:site_name\" content=\"Tom S\u00e9gur\" \/>\n<meta property=\"article:modified_time\" content=\"2023-01-17T17:14:07+00:00\" \/>\n<meta name=\"twitter:card\" content=\"summary_large_image\" \/>\n<meta name=\"twitter:label1\" content=\"Est. reading time\" \/>\n\t<meta name=\"twitter:data1\" content=\"1 minute\" \/>\n<script type=\"application\/ld+json\" class=\"yoast-schema-graph\">{\"@context\":\"https:\/\/schema.org\",\"@graph\":[{\"@type\":\"WebPage\",\"@id\":\"https:\/\/tomsegur.com\/index.php\/a-propos\/\",\"url\":\"https:\/\/tomsegur.com\/index.php\/a-propos\/\",\"name\":\"Tom S\u00e9gur - About\",\"isPartOf\":{\"@id\":\"https:\/\/tomsegur.com\/#website\"},\"datePublished\":\"2017-02-06T11:20:22+00:00\",\"dateModified\":\"2023-01-17T17:14:07+00:00\",\"breadcrumb\":{\"@id\":\"https:\/\/tomsegur.com\/index.php\/a-propos\/#breadcrumb\"},\"inLanguage\":\"en-US\",\"potentialAction\":[{\"@type\":\"ReadAction\",\"target\":[\"https:\/\/tomsegur.com\/index.php\/a-propos\/\"]}]},{\"@type\":\"BreadcrumbList\",\"@id\":\"https:\/\/tomsegur.com\/index.php\/a-propos\/#breadcrumb\",\"itemListElement\":[{\"@type\":\"ListItem\",\"position\":1,\"name\":\"Accueil\",\"item\":\"https:\/\/tomsegur.com\/\"},{\"@type\":\"ListItem\",\"position\":2,\"name\":\"\u00c0 PROPOS\"}]},{\"@type\":\"WebSite\",\"@id\":\"https:\/\/tomsegur.com\/#website\",\"url\":\"https:\/\/tomsegur.com\/\",\"name\":\"Tom S\u00e9gur\",\"description\":\"Art director Graphic Designer\",\"publisher\":{\"@id\":\"https:\/\/tomsegur.com\/#\/schema\/person\/d8200e1f334857b1883164b14cb91486\"},\"potentialAction\":[{\"@type\":\"SearchAction\",\"target\":{\"@type\":\"EntryPoint\",\"urlTemplate\":\"https:\/\/tomsegur.com\/?s={search_term_string}\"},\"query-input\":\"required name=search_term_string\"}],\"inLanguage\":\"en-US\"},{\"@type\":[\"Person\",\"Organization\"],\"@id\":\"https:\/\/tomsegur.com\/#\/schema\/person\/d8200e1f334857b1883164b14cb91486\",\"name\":\"tomsegur\",\"image\":{\"@type\":\"ImageObject\",\"inLanguage\":\"en-US\",\"@id\":\"https:\/\/tomsegur.com\/#\/schema\/person\/image\/\",\"url\":\"https:\/\/secure.gravatar.com\/avatar\/5a162754c3abae6b499de0882ff05cf7?s=96&d=mm&r=g\",\"contentUrl\":\"https:\/\/secure.gravatar.com\/avatar\/5a162754c3abae6b499de0882ff05cf7?s=96&d=mm&r=g\",\"caption\":\"tomsegur\"},\"logo\":{\"@id\":\"https:\/\/tomsegur.com\/#\/schema\/person\/image\/\"}}]}<\/script>\n<!-- \/ Yoast SEO plugin. -->","yoast_head_json":{"title":"Tom S\u00e9gur - About","robots":{"index":"index","follow":"follow","max-snippet":"max-snippet:-1","max-image-preview":"max-image-preview:large","max-video-preview":"max-video-preview:-1"},"canonical":"https:\/\/tomsegur.com\/index.php\/a-propos\/","og_locale":"en_US","og_type":"article","og_title":"Tom S\u00e9gur - About","og_description":"\u00c0 PROPOS \u00c0 PROPOS \u00c0 PROPOS \u00c0 PROPOS \u00c0 PROPOS \u00c0 PROPOS \u00c0 PROPOS \u00c0 PROPOS \u00c0 PROPOS \u00c0 PROPOS TOM S\u00c9GUR Graphiste et Directeur Artistique ind\u00e9pendant dans le domaine de la culture, de l&#8217;\u00e9dition et du luxe. \u2022 Cr\u00e9ation d&#8217;identit\u00e9s visuelles\u2022 Design d&#8217;affiches\u2022 \u00c9dition\u2022 Signal\u00e9tique\u2022 Motion design\u2022 Web design hellotomsegur@gmail.com+33 6 68 78 59 [&hellip;]","og_url":"https:\/\/tomsegur.com\/index.php\/a-propos\/","og_site_name":"Tom S\u00e9gur","article_modified_time":"2023-01-17T17:14:07+00:00","twitter_card":"summary_large_image","twitter_misc":{"Est. reading time":"1 minute"},"schema":{"@context":"https:\/\/schema.org","@graph":[{"@type":"WebPage","@id":"https:\/\/tomsegur.com\/index.php\/a-propos\/","url":"https:\/\/tomsegur.com\/index.php\/a-propos\/","name":"Tom S\u00e9gur - About","isPartOf":{"@id":"https:\/\/tomsegur.com\/#website"},"datePublished":"2017-02-06T11:20:22+00:00","dateModified":"2023-01-17T17:14:07+00:00","breadcrumb":{"@id":"https:\/\/tomsegur.com\/index.php\/a-propos\/#breadcrumb"},"inLanguage":"en-US","potentialAction":[{"@type":"ReadAction","target":["https:\/\/tomsegur.com\/index.php\/a-propos\/"]}]},{"@type":"BreadcrumbList","@id":"https:\/\/tomsegur.com\/index.php\/a-propos\/#breadcrumb","itemListElement":[{"@type":"ListItem","position":1,"name":"Accueil","item":"https:\/\/tomsegur.com\/"},{"@type":"ListItem","position":2,"name":"\u00c0 PROPOS"}]},{"@type":"WebSite","@id":"https:\/\/tomsegur.com\/#website","url":"https:\/\/tomsegur.com\/","name":"Tom S\u00e9gur","description":"Art director Graphic Designer","publisher":{"@id":"https:\/\/tomsegur.com\/#\/schema\/person\/d8200e1f334857b1883164b14cb91486"},"potentialAction":[{"@type":"SearchAction","target":{"@type":"EntryPoint","urlTemplate":"https:\/\/tomsegur.com\/?s={search_term_string}"},"query-input":"required name=search_term_string"}],"inLanguage":"en-US"},{"@type":["Person","Organization"],"@id":"https:\/\/tomsegur.com\/#\/schema\/person\/d8200e1f334857b1883164b14cb91486","name":"tomsegur","image":{"@type":"ImageObject","inLanguage":"en-US","@id":"https:\/\/tomsegur.com\/#\/schema\/person\/image\/","url":"https:\/\/secure.gravatar.com\/avatar\/5a162754c3abae6b499de0882ff05cf7?s=96&d=mm&r=g","contentUrl":"https:\/\/secure.gravatar.com\/avatar\/5a162754c3abae6b499de0882ff05cf7?s=96&d=mm&r=g","caption":"tomsegur"},"logo":{"@id":"https:\/\/tomsegur.com\/#\/schema\/person\/image\/"}}]}},"_links":{"self":[{"href":"https:\/\/tomsegur.com\/index.php\/wp-json\/wp\/v2\/pages\/4693"}],"collection":[{"href":"https:\/\/tomsegur.com\/index.php\/wp-json\/wp\/v2\/pages"}],"about":[{"href":"https:\/\/tomsegur.com\/index.php\/wp-json\/wp\/v2\/types\/page"}],"author":[{"embeddable":true,"href":"https:\/\/tomsegur.com\/index.php\/wp-json\/wp\/v2\/users\/2"}],"replies":[{"embeddable":true,"href":"https:\/\/tomsegur.com\/index.php\/wp-json\/wp\/v2\/comments?post=4693"}],"version-history":[{"count":194,"href":"https:\/\/tomsegur.com\/index.php\/wp-json\/wp\/v2\/pages\/4693\/revisions"}],"predecessor-version":[{"id":8713,"href":"https:\/\/tomsegur.com\/index.php\/wp-json\/wp\/v2\/pages\/4693\/revisions\/8713"}],"wp:attachment":[{"href":"https:\/\/tomsegur.com\/index.php\/wp-json\/wp\/v2\/media?parent=4693"}],"curies":[{"name":"wp","href":"https:\/\/api.w.org\/{rel}","templated":true}]}}